{"id":11,"date":"2015-08-23T17:18:40","date_gmt":"2015-08-23T15:18:40","guid":{"rendered":"http:\/\/smart-education-china.org\/de\/?page_id=11"},"modified":"2021-01-13T20:43:38","modified_gmt":"2021-01-13T19:43:38","slug":"ecnu","status":"publish","type":"page","link":"https:\/\/smart-education-china.org\/de\/ecnu\/","title":{"rendered":"ECNU"},"content":{"rendered":"<p>Als eine der renommiertesten Forschungsuniversit\u00e4ten in China untersteht die international anerkannte East China Normal University dem chinesischen Bildungsministerium (MOE).<\/p>\n<p><img loading=\"lazy\" decoding=\"async\" class=\"alignnone size-medium wp-image-99\" src=\"http:\/\/smart-education-china.org\/de\/wp-content\/uploads\/2015\/08\/ECNU_1-300x200.jpg\" alt=\"ECNU_1\" width=\"300\" height=\"200\" srcset=\"https:\/\/smart-education-china.org\/de\/wp-content\/uploads\/2015\/08\/ECNU_1-300x200.jpg 300w, https:\/\/smart-education-china.org\/de\/wp-content\/uploads\/2015\/08\/ECNU_1.jpg 401w\" sizes=\"auto, (max-width: 300px) 100vw, 300px\" \/><\/p>\n<p>Seit ihrer Gr\u00fcndung hat die ECNU die Lehrerausbildung als einen ihrer Hauptschwerpunkte beibehalten. Das Ausbildungszentrum des Bildungsministeriums an der ECNU ist f\u00fchrend f\u00fcr die Ausbildung der Sekundarschuldirektoren auf dem chinesischen Festland und f\u00fcr h\u00f6here Studien in Hong Kong, Macau und Taiwan.<\/p>\n<p>Im Juni 2013 wurde das Open Education College der ECNU vom Bildungsministerium beauftragt, als Leitung f\u00fcr das Projekt \u201eEnhance the Ability of National Primary and Secondary Teachers in the Application of Information Technology\u201c zu fungieren: Mit dem Projekt sollen in den n\u00e4chsten f\u00fcnf Jahren Kompetenzstandards und spezifische Trainings f\u00fcr Millionen chinesischer Grund- und Sekundarschullehrer verwirklicht werden.<\/p>\n<p><img loading=\"lazy\" decoding=\"async\" class=\"aligncenter wp-image-354\" src=\"http:\/\/smart-education-china.org\/de\/wp-content\/uploads\/2015\/08\/ECNU-Facts_DE.png\" alt=\"\" width=\"650\" height=\"117\" srcset=\"https:\/\/smart-education-china.org\/de\/wp-content\/uploads\/2015\/08\/ECNU-Facts_DE.png 921w, https:\/\/smart-education-china.org\/de\/wp-content\/uploads\/2015\/08\/ECNU-Facts_DE-150x27.png 150w, https:\/\/smart-education-china.org\/de\/wp-content\/uploads\/2015\/08\/ECNU-Facts_DE-300x54.png 300w\" sizes=\"auto, (max-width: 650px) 100vw, 650px\" \/><\/p>\n<p><a id=\"anker_zhiting\"><\/a><div class='content-column one_third'><div style=\"padding:0px 20px 0px 0px;\"><img loading=\"lazy\" decoding=\"async\" class=\"alignnone wp-image-43 size-full\" src=\"http:\/\/smart-education-china.org\/de\/wp-content\/uploads\/2015\/08\/Prof.-Zhu-Zhiting-e1441092510737.jpg\" alt=\"Prof. Zhu Zhiting\" width=\"240\" height=\"300\" srcset=\"https:\/\/smart-education-china.org\/de\/wp-content\/uploads\/2015\/08\/Prof.-Zhu-Zhiting-e1441092510737.jpg 240w, https:\/\/smart-education-china.org\/de\/wp-content\/uploads\/2015\/08\/Prof.-Zhu-Zhiting-e1441092510737-120x150.jpg 120w\" sizes=\"auto, (max-width: 240px) 100vw, 240px\" \/><\/p><\/div><\/div><div class='content-column two_third last_column'><h3>Prof. Dr. Zhu Zhiting<\/h3>\n<p>Prof. Dr. Zhu Zhiting ist ordentlicher Professor f\u00fcr Bildungstechnologie, Direktor des ECNU-S&amp;P Research Center for ICT-Enabled Systemic Changes and Innovations und Direktor des Engineering Research Center of Digital Education Equipment (ERCDE). Des Weiteren ist er Direktor des China e-Learning Technology Standardization Committee, Vizevorsitzende des Steuerungskomitees f\u00fcr E-Bildung in Beijing, Mitglied des Shanghai Municipal Expert Committee of Urban Informatization sowie Mitglied der Redaktionsr\u00e4te mehrerer internationaler Zeitschriften. Prof. Dr. Zhu ist Chefexperte und Vizedirektor des UNESCO-APEID Association Center an der ECNU. Er hat \u00fcber 20 B\u00fccher und mehr als 180 akademische Artikel ver\u00f6ffentlicht.<\/p><\/div><div class='clear_column'><\/div><\/p>\n<p><a id=\"anker_yan\"><\/a><div class='content-column one_third'><div style=\"padding:0px 20px 0px 0px;\"><img loading=\"lazy\" decoding=\"async\" class=\"alignnone wp-image-54\" src=\"http:\/\/smart-education-china.org\/de\/wp-content\/uploads\/2015\/08\/Prof.-Hanbing-Yan-265x300.jpg\" alt=\"Prof. Hanbing Yan\" width=\"240\" height=\"300\" \/><\/p><\/div><\/div><div class='content-column two_third last_column'><h3>Prof. Dr. Hanbing Yan<\/h3>\n<p>Hanbing Yan ist Professorin und Doktorvater an der ECNU, Vize-Dekanin und Projektleiterin der School of Open Learning and Education sowie Expertin im \u201eIntel Teach to the Future\u201d-Projekt. Sie ist ebenfalls eine der ersten Expertinnen f\u00fcr den \u201eNational Training Plan\u201c. Ihr Forschungsfokus liegt auf dem Technologiemanagement im Bereich der Didaktik sowie der Gestaltung und dem Management von Lehrerausbildungen und Fernunterricht. In den letzten Jahren ver\u00f6ffentlichte Prof. Dr. Hanbing Yan mehr als 30 Publikation in nationalen sowie internationalen Zeitschriften. Au\u00dferdem ist sie Autorin mehrerer B\u00fccher. Des Weiteren war und ist sie in \u00fcber 20 Forschungsprojekte involviert, darunter das Projekt des Bildungsministeriums \u201eQuality Management Practice of National Training Plan\u201d.<\/p><\/div><div class='clear_column'><\/div><\/p>\n<p><a id=\"anker_peng\"><\/a><div class='content-column one_third'><div style=\"padding:0px 20px 0px 0px;\"><img loading=\"lazy\" decoding=\"async\" class=\"alignnone wp-image-673\" src=\"http:\/\/smart-education-china.org\/de\/wp-content\/uploads\/2020\/11\/peng-300x287.jpg\" alt=\"\" width=\"240\" height=\"230\" srcset=\"https:\/\/smart-education-china.org\/de\/wp-content\/uploads\/2020\/11\/peng-300x287.jpg 300w, https:\/\/smart-education-china.org\/de\/wp-content\/uploads\/2020\/11\/peng-150x144.jpg 150w, https:\/\/smart-education-china.org\/de\/wp-content\/uploads\/2020\/11\/peng.jpg 477w\" sizes=\"auto, (max-width: 240px) 100vw, 240px\" \/><\/p><\/div><\/div><div class='content-column two_third last_column'><h3>Dr. Hongchao Peng<\/h3>\n<p>Dr. Hongchao Peng ist wissenschaftlicher Mitarbeiter an der School of Open Learning and Education der East China Normal University. Er ist au\u00dferdem Gastwissenschaftler an der University of North Texas. Seine Forschungsinteressen umfassen u. a. intelligente Bildung, Datenintelligenz, Pr\u00e4zisionsunterricht und Mehrschichtiges Lernen (Deep Learning). In den letzten f\u00fcnf Jahren hat er mehr als 20 Zeitschriftenartikel ver\u00f6ffentlicht und zwei Erfindungspatente erhalten.<\/p><\/div><div class='clear_column'><\/div><\/p>\n<p><a id=\"anker_sun\"><\/a><div class='content-column one_third'><div style=\"padding:0px 20px 0px 0px;\"><img loading=\"lazy\" decoding=\"async\" class=\"alignnone size-medium wp-image-48\" src=\"http:\/\/smart-education-china.org\/de\/wp-content\/uploads\/2015\/08\/Dr.-Yanyan-Sun-240x300.jpg\" alt=\"Dr. Yanyan Sun\" width=\"240\" height=\"300\" srcset=\"https:\/\/smart-education-china.org\/de\/wp-content\/uploads\/2015\/08\/Dr.-Yanyan-Sun-240x300.jpg 240w, https:\/\/smart-education-china.org\/de\/wp-content\/uploads\/2015\/08\/Dr.-Yanyan-Sun.jpg 506w\" sizes=\"auto, (max-width: 240px) 100vw, 240px\" \/><\/p><\/div><\/div><div class='content-column two_third last_column'><h3>Dr. Yanyan Sun<\/h3>\n<p>Dr. Yanyan Sun ist ein neues Fakult\u00e4tsmitglied und Chenhui Wissenschaftlerin f\u00fcr Bildungstechnologien an der ECNU. Sie erlangte ihren PhD-Abschluss in Instructional Technology (IT) an der Ohio Universit\u00e4t in 2014. Ihre Forschungsinteressen umfassen computergest\u00fctzten Sprachunterricht, p\u00e4dagogische Anwendung der Web 2.0-Technologie, mobiles Lernen, soziale Medien und die Integration von Technologien in Lehrpl\u00e4ne.<\/p><\/div><div class='clear_column'><\/div><\/p>\n<p><a id=\"anker_xu\"><\/a><div class='content-column one_third'><div style=\"padding:0px 20px 0px 0px;\"><img loading=\"lazy\" decoding=\"async\" class=\"alignnone wp-image-325\" src=\"http:\/\/smart-education-china.org\/de\/wp-content\/uploads\/2015\/08\/Dr.-Xianling-Xu1.jpg\" alt=\"\" width=\"240\" height=\"300\" \/><\/p><\/div><\/div><div class='content-column two_third last_column'><h3>Dr. Xianlong Xu<\/h3>\n<p>Dr. Xianlong Xu ist leitender Dozent des Educational Technology-Programms und Forscher am E-Educational System Engineering Research Center der ECNU. Seine Forschungs-schwerpunkte umfassen didaktische Unterrichtsgestaltung, Integration von Technologien im Unterricht, berufsbildende Fernlehrg\u00e4nge und das IT-Management. Dr. Xianlong war f\u00fcr mehrere national gef\u00f6rderte Forschungsprojekte verantwortlich.<\/p><\/div><div class='clear_column'><\/div><\/p>\n<p><a id=\"anker_xiao\"><\/a><div class='content-column one_third'><div style=\"padding:0px 20px 0px 0px;\"><img loading=\"lazy\" decoding=\"async\" class=\"alignnone wp-image-324 size-medium\" src=\"http:\/\/smart-education-china.org\/de\/wp-content\/uploads\/2015\/08\/Dr.-Yumin-Xiao1-240x300.jpg\" alt=\"\" width=\"240\" height=\"300\" srcset=\"https:\/\/smart-education-china.org\/de\/wp-content\/uploads\/2015\/08\/Dr.-Yumin-Xiao1.jpg 240w, https:\/\/smart-education-china.org\/de\/wp-content\/uploads\/2015\/08\/Dr.-Yumin-Xiao1-120x150.jpg 120w\" sizes=\"auto, (max-width: 240px) 100vw, 240px\" \/><\/p><\/div><\/div><div class='content-column two_third last_column'><h3>Dr. Yumin Xiao<\/h3>\n<p>Dr. Yumin Xiao ist eine au\u00dferordentliche Professorin an der School of Education Science. Ihre T\u00e4tigkeitsschwerpunkte liegen im Bereich des IT-gest\u00fctztes Bildungsmanagements und der Lehrerausbildung im Zusammenhang mit IT. Seit Dezember 2004 ist sie Teil der Expertengruppe des Shanghai Teacher Training Center und des Shanghai Intel Future Education-Programms. Seit April 2008 geh\u00f6rt sie ebenfalls zum Expertenteam des \u201e11th and 12th Five-year National Education Technology Research\u201d.<\/p><\/div><div class='clear_column'><\/div><\/p>\n<p><a id=\"anker_li\"><\/a><div class='content-column one_third'><div style=\"padding:0px 20px 0px 0px;\"><img loading=\"lazy\" decoding=\"async\" class=\"alignnone wp-image-58 size-medium\" src=\"http:\/\/smart-education-china.org\/de\/wp-content\/uploads\/2015\/08\/Xiaoying-Li-e1439906444477-238x300.jpg\" alt=\"Xiaoying Li\" width=\"238\" height=\"300\" \/><\/p><\/div><\/div><div class='content-column two_third last_column'><h3>Xiaoying Li<\/h3>\n<p>Xiaoying Li hat einen Master in Instructional Technology und ist ein Fakult\u00e4tsmitglied der School of Open Learning and Education an der ECNU. Ihre Forschungsinteressen sind Unterst\u00fctzung des Fernunterrichts, p\u00e4dagogische Technologieanwendungen sowie Lehreraus- und -weiterbildung. In den letzten Jahren unterrichtete sie einen Kurs in \u201eInformative Teaching Design and Practice\u201d an der ECNU. Des Weiteren nahm sie an mehreren Fortbildungen zum Thema IT-Anwendungen f\u00fcr Lehrer an Grund- und Mittelschulen teil.<\/p><\/div><div class='clear_column'><\/div><\/p>\n<p><a id=\"anker_liang\"><\/a><div class='content-column one_third'><div style=\"padding:0px 20px 0px 0px;\"><img loading=\"lazy\" decoding=\"async\" class=\"alignnone wp-image-326\" src=\"http:\/\/smart-education-china.org\/de\/wp-content\/uploads\/2015\/08\/Luo-Liang1.png\" alt=\"\" width=\"240\" height=\"300\" \/><\/p><\/div><\/div><div class='content-column two_third last_column'><h3>Luo Liang<\/h3>\n<p>Luo Liang ist Dozent und befindet sich im Promotionsstudium mit der Fachrichtung Bildungstechnologie an der East China Normal University. Der Fokus seines Studiums liegt auf der Entwicklung von Informationssystemen, Fernunterricht und der Fortbildung von Lehrkr\u00e4ften.<br \/>\nEr ver\u00f6ffentlichte acht akademische Artikel. Drei seiner Publikationen gewannen den ersten sowie zweiten Preis des CAITE (Centre for the Advancement of Information Technology in Education). Des Weiteren hat Luo Liang 2013 im Rahmen des \u201e13th National Contest of Multimedia Courseware Contest\u201c den ersten Preis f\u00fcr die Entwicklung einer Lernsoftware erhalten. Der Wettbewerb wird von dem Bildungsministerium ausgetragen.<\/p><\/div><div class='clear_column'><\/div><\/p>\n","protected":false},"excerpt":{"rendered":"<p>Als eine der renommiertesten Forschungsuniversit\u00e4ten in China untersteht die international anerkannte East China Normal University dem chinesischen Bildungsministerium (MOE). Seit ihrer Gr\u00fcndung hat die ECNU die Lehrerausbildung als einen ihrer Hauptschwerpunkte beibehalten. Das Ausbildungszentrum des Bildungsministeriums an der ECNU ist f\u00fchrend f\u00fcr die Ausbildung der Sekundarschuldirektoren auf dem chinesischen Festland und f\u00fcr h\u00f6here Studien in<a href=\"https:\/\/smart-education-china.org\/de\/ecnu\/\">[&#8230;]<\/a><\/p>\n","protected":false},"author":6,"featured_media":99,"parent":0,"menu_order":0,"comment_status":"closed","ping_status":"closed","template":"","meta":{"footnotes":""},"class_list":["post-11","page","type-page","status-publish","has-post-thumbnail","hentry"],"yoast_head":"<!-- This site is optimized with the Yoast SEO plugin v27.2 - https:\/\/yoast.com\/product\/yoast-seo-wordpress\/ -->\n<title>ECNU - Smart Education China<\/title>\n<meta name=\"robots\" content=\"index, follow, max-snippet:-1, max-image-preview:large, max-video-preview:-1\" \/>\n<link rel=\"canonical\" href=\"https:\/\/smart-education-china.org\/de\/ecnu\/\" \/>\n<meta property=\"og:locale\" content=\"en_US\" \/>\n<meta property=\"og:type\" content=\"article\" \/>\n<meta property=\"og:title\" content=\"ECNU - Smart Education China\" \/>\n<meta property=\"og:description\" content=\"Als eine der renommiertesten Forschungsuniversit\u00e4ten in China untersteht die international anerkannte East China Normal University dem chinesischen Bildungsministerium (MOE). Seit ihrer Gr\u00fcndung hat die ECNU die Lehrerausbildung als einen ihrer Hauptschwerpunkte beibehalten. Das Ausbildungszentrum des Bildungsministeriums an der ECNU ist f\u00fchrend f\u00fcr die Ausbildung der Sekundarschuldirektoren auf dem chinesischen Festland und f\u00fcr h\u00f6here Studien in[...]\" \/>\n<meta property=\"og:url\" content=\"https:\/\/smart-education-china.org\/de\/ecnu\/\" \/>\n<meta property=\"og:site_name\" content=\"Smart Education China\" \/>\n<meta property=\"article:modified_time\" content=\"2021-01-13T19:43:38+00:00\" \/>\n<meta property=\"og:image\" content=\"https:\/\/smart-education-china.org\/de\/wp-content\/uploads\/2015\/08\/ECNU_1.jpg\" \/>\n\t<meta property=\"og:image:width\" content=\"401\" \/>\n\t<meta property=\"og:image:height\" content=\"267\" \/>\n\t<meta property=\"og:image:type\" content=\"image\/jpeg\" \/>\n<meta name=\"twitter:card\" content=\"summary_large_image\" \/>\n<meta name=\"twitter:label1\" content=\"Est. reading time\" \/>\n\t<meta name=\"twitter:data1\" content=\"6 minutes\" \/>\n<script type=\"application\/ld+json\" class=\"yoast-schema-graph\">{\"@context\":\"https:\/\/schema.org\",\"@graph\":[{\"@type\":\"WebPage\",\"@id\":\"https:\/\/smart-education-china.org\/de\/ecnu\/\",\"url\":\"https:\/\/smart-education-china.org\/de\/ecnu\/\",\"name\":\"ECNU - Smart Education China\",\"isPartOf\":{\"@id\":\"https:\/\/smart-education-china.org\/de\/#website\"},\"primaryImageOfPage\":{\"@id\":\"https:\/\/smart-education-china.org\/de\/ecnu\/#primaryimage\"},\"image\":{\"@id\":\"https:\/\/smart-education-china.org\/de\/ecnu\/#primaryimage\"},\"thumbnailUrl\":\"https:\/\/smart-education-china.org\/de\/wp-content\/uploads\/2015\/08\/ECNU_1.jpg\",\"datePublished\":\"2015-08-23T15:18:40+00:00\",\"dateModified\":\"2021-01-13T19:43:38+00:00\",\"breadcrumb\":{\"@id\":\"https:\/\/smart-education-china.org\/de\/ecnu\/#breadcrumb\"},\"inLanguage\":\"en-US\",\"potentialAction\":[{\"@type\":\"ReadAction\",\"target\":[\"https:\/\/smart-education-china.org\/de\/ecnu\/\"]}]},{\"@type\":\"ImageObject\",\"inLanguage\":\"en-US\",\"@id\":\"https:\/\/smart-education-china.org\/de\/ecnu\/#primaryimage\",\"url\":\"https:\/\/smart-education-china.org\/de\/wp-content\/uploads\/2015\/08\/ECNU_1.jpg\",\"contentUrl\":\"https:\/\/smart-education-china.org\/de\/wp-content\/uploads\/2015\/08\/ECNU_1.jpg\",\"width\":401,\"height\":267},{\"@type\":\"BreadcrumbList\",\"@id\":\"https:\/\/smart-education-china.org\/de\/ecnu\/#breadcrumb\",\"itemListElement\":[{\"@type\":\"ListItem\",\"position\":1,\"name\":\"Home\",\"item\":\"https:\/\/smart-education-china.org\/de\/\"},{\"@type\":\"ListItem\",\"position\":2,\"name\":\"ECNU\"}]},{\"@type\":\"WebSite\",\"@id\":\"https:\/\/smart-education-china.org\/de\/#website\",\"url\":\"https:\/\/smart-education-china.org\/de\/\",\"name\":\"Smart Education China\",\"description\":\"Official website of Initiative Smart Education China\",\"potentialAction\":[{\"@type\":\"SearchAction\",\"target\":{\"@type\":\"EntryPoint\",\"urlTemplate\":\"https:\/\/smart-education-china.org\/de\/?s={search_term_string}\"},\"query-input\":{\"@type\":\"PropertyValueSpecification\",\"valueRequired\":true,\"valueName\":\"search_term_string\"}}],\"inLanguage\":\"en-US\"}]}<\/script>\n<!-- \/ Yoast SEO plugin. -->","yoast_head_json":{"title":"ECNU - Smart Education China","robots":{"index":"index","follow":"follow","max-snippet":"max-snippet:-1","max-image-preview":"max-image-preview:large","max-video-preview":"max-video-preview:-1"},"canonical":"https:\/\/smart-education-china.org\/de\/ecnu\/","og_locale":"en_US","og_type":"article","og_title":"ECNU - Smart Education China","og_description":"Als eine der renommiertesten Forschungsuniversit\u00e4ten in China untersteht die international anerkannte East China Normal University dem chinesischen Bildungsministerium (MOE). Seit ihrer Gr\u00fcndung hat die ECNU die Lehrerausbildung als einen ihrer Hauptschwerpunkte beibehalten. Das Ausbildungszentrum des Bildungsministeriums an der ECNU ist f\u00fchrend f\u00fcr die Ausbildung der Sekundarschuldirektoren auf dem chinesischen Festland und f\u00fcr h\u00f6here Studien in[...]","og_url":"https:\/\/smart-education-china.org\/de\/ecnu\/","og_site_name":"Smart Education China","article_modified_time":"2021-01-13T19:43:38+00:00","og_image":[{"width":401,"height":267,"url":"https:\/\/smart-education-china.org\/de\/wp-content\/uploads\/2015\/08\/ECNU_1.jpg","type":"image\/jpeg"}],"twitter_card":"summary_large_image","twitter_misc":{"Est. reading time":"6 minutes"},"schema":{"@context":"https:\/\/schema.org","@graph":[{"@type":"WebPage","@id":"https:\/\/smart-education-china.org\/de\/ecnu\/","url":"https:\/\/smart-education-china.org\/de\/ecnu\/","name":"ECNU - Smart Education China","isPartOf":{"@id":"https:\/\/smart-education-china.org\/de\/#website"},"primaryImageOfPage":{"@id":"https:\/\/smart-education-china.org\/de\/ecnu\/#primaryimage"},"image":{"@id":"https:\/\/smart-education-china.org\/de\/ecnu\/#primaryimage"},"thumbnailUrl":"https:\/\/smart-education-china.org\/de\/wp-content\/uploads\/2015\/08\/ECNU_1.jpg","datePublished":"2015-08-23T15:18:40+00:00","dateModified":"2021-01-13T19:43:38+00:00","breadcrumb":{"@id":"https:\/\/smart-education-china.org\/de\/ecnu\/#breadcrumb"},"inLanguage":"en-US","potentialAction":[{"@type":"ReadAction","target":["https:\/\/smart-education-china.org\/de\/ecnu\/"]}]},{"@type":"ImageObject","inLanguage":"en-US","@id":"https:\/\/smart-education-china.org\/de\/ecnu\/#primaryimage","url":"https:\/\/smart-education-china.org\/de\/wp-content\/uploads\/2015\/08\/ECNU_1.jpg","contentUrl":"https:\/\/smart-education-china.org\/de\/wp-content\/uploads\/2015\/08\/ECNU_1.jpg","width":401,"height":267},{"@type":"BreadcrumbList","@id":"https:\/\/smart-education-china.org\/de\/ecnu\/#breadcrumb","itemListElement":[{"@type":"ListItem","position":1,"name":"Home","item":"https:\/\/smart-education-china.org\/de\/"},{"@type":"ListItem","position":2,"name":"ECNU"}]},{"@type":"WebSite","@id":"https:\/\/smart-education-china.org\/de\/#website","url":"https:\/\/smart-education-china.org\/de\/","name":"Smart Education China","description":"Official website of Initiative Smart Education China","potentialAction":[{"@type":"SearchAction","target":{"@type":"EntryPoint","urlTemplate":"https:\/\/smart-education-china.org\/de\/?s={search_term_string}"},"query-input":{"@type":"PropertyValueSpecification","valueRequired":true,"valueName":"search_term_string"}}],"inLanguage":"en-US"}]}},"_links":{"self":[{"href":"https:\/\/smart-education-china.org\/de\/wp-json\/wp\/v2\/pages\/11","targetHints":{"allow":["GET"]}}],"collection":[{"href":"https:\/\/smart-education-china.org\/de\/wp-json\/wp\/v2\/pages"}],"about":[{"href":"https:\/\/smart-education-china.org\/de\/wp-json\/wp\/v2\/types\/page"}],"author":[{"embeddable":true,"href":"https:\/\/smart-education-china.org\/de\/wp-json\/wp\/v2\/users\/6"}],"replies":[{"embeddable":true,"href":"https:\/\/smart-education-china.org\/de\/wp-json\/wp\/v2\/comments?post=11"}],"version-history":[{"count":22,"href":"https:\/\/smart-education-china.org\/de\/wp-json\/wp\/v2\/pages\/11\/revisions"}],"predecessor-version":[{"id":680,"href":"https:\/\/smart-education-china.org\/de\/wp-json\/wp\/v2\/pages\/11\/revisions\/680"}],"wp:featuredmedia":[{"embeddable":true,"href":"https:\/\/smart-education-china.org\/de\/wp-json\/wp\/v2\/media\/99"}],"wp:attachment":[{"href":"https:\/\/smart-education-china.org\/de\/wp-json\/wp\/v2\/media?parent=11"}],"curies":[{"name":"wp","href":"https:\/\/api.w.org\/{rel}","templated":true}]}}