{"id":183,"date":"2015-08-01T09:30:41","date_gmt":"2015-08-01T07:30:41","guid":{"rendered":"http:\/\/smart-education-china.org\/de\/?page_id=183"},"modified":"2023-02-22T14:08:34","modified_gmt":"2023-02-22T13:08:34","slug":"impressum","status":"publish","type":"page","link":"https:\/\/smart-education-china.org\/de\/impressum\/","title":{"rendered":"Impressum"},"content":{"rendered":"<p><!--more--><\/p>\n<p>Nach dem BGB und dem TDG sind wir verpflichtet, folgende Informationen auf unserer Website zu hinterlegen:<\/p>\n<p><strong>S&amp;P Consulting SE<\/strong><br \/>\nSchillerallee 4a<br \/>\n22926 Ahrensburg<\/p>\n<p>Telefon: +49 4102 6993 0<br \/>\nFax: +49 4102 6993 37<br \/>\nE-Mail: info@spconsulting.de<\/p>\n<p>Umsatzsteuer-Identifikationsnummer gem. \u00a7 27a UStG: DE 16 93 67 347<\/p>\n<p><strong>SEDL\u00c1K &amp; PARTNER International Consulting (China) Co., Ltd.<\/strong><br \/>\nBranch Office Shanghai<br \/>\nRoom 826, 2 IFC Centre<br \/>\nNo. 92 Tai\u2019an Road, Changning District<br \/>\nShanghai 200031, China<\/p>\n<p>VAT ID: DE 16 93 67 347<\/p>\n<p><strong>Gesellschafter:<\/strong><br \/>\nGuest Prof. Robert A. Sedl\u00e1k CMC\/BDU, SEDL\u00c1K Unternehmensberatung (BDU) GmbH<\/p>\n<p><strong>Gesch\u00e4ftsf\u00fchrer:<\/strong><br \/>\nGuest Prof. Robert A. Sedl\u00e1k (CEO)<br \/>\nPetra A. Sedl\u00e1k (CFO)<\/p>\n<p>Telefon: +49 4102 6993 0<br \/>\nFax: +49 4102 6993 37<\/p>\n<p>E-Mail: info@spconsulting.de<\/p>\n<p>Umsatzsteuer-Identifikationsnummer gem. \u00a7 27a UStG: DE 30 28 218 557<\/p>\n<h2>Haftungsausschluss<\/h2>\n<p>S&amp;P Consulting SE haftet nicht f\u00fcr die in der gesamten Website beinhalteten Informationen hinsichtlich ihrer Korrektheit, Vollst\u00e4ndigkeit, Aktualit\u00e4t, Qualit\u00e4t und f\u00fcr Inhalte Dritter, auf deren Internetseiten Links von dieser Seite bestehen.<\/p>\n<p>Die Informationen dieser Website dienen dem Nutzer ausschlie\u00dflich zu Informationszwecken und zum pers\u00f6nlichen Gebrauch. Die Vervielf\u00e4ltigung, \u00c4nderung und Verbreitung von Informationen und\/oder Daten, insbesondere Texten, Textteilen oder Bildern ist ohne vorherige schriftliche Zustimmung der S&amp;P Consulting Unternehmensberatung (BDU) GbR nicht erlaubt. Die unerlaubte Vervielf\u00e4ltigung, Reproduktion oder Weitergabe einzelner Inhalte oder kompletter Seiten werden sowohl straf- als auch zivilrechtlich verfolgt.<\/p>\n<h2>Datenschutz<\/h2>\n<p>Die Sicherheit Ihrer personenbezogenen Daten wird bei S&amp;P Consulting Unternehmensberatung (BDU) GbR grunds\u00e4tzlich gew\u00e4hrleistet.<br \/>\nDiese Website entspricht den Anforderungen des Bundesdatenschutzgesetzes sowie der EU-DSVGO. Unsere Mitarbeiter sind auf die Einhaltung des Bundesdatenschutzgesetzes sowie der EU-DSVGO verpflichtet. Auf dieser Website werden keine Nutzerprofile erstellt. Die \u00fcber diese Seite erhobenen personenbezogenen Daten werden nur zum bestimmten Zweck gespeichert und verwendet. Unsere Datenschutzerkl\u00e4rung finden Sie unter <u><a href=\"https:\/\/www.spconsulting.de\/datenschutzerklaerung\">https:\/\/www.spconsulting.de\/datenschutzerklaerung<\/a><\/u>.<\/p>\n<p>Gerne erteilen wir Ihnen kostenlos Auskunft \u00fcber Ihre gespeicherten Daten und \u00e4ndern diese, falls sie nicht korrekt sind, bzw. l\u00f6schen sie.<\/p>\n","protected":false},"excerpt":{"rendered":"","protected":false},"author":6,"featured_media":0,"parent":0,"menu_order":0,"comment_status":"closed","ping_status":"closed","template":"","meta":{"footnotes":""},"class_list":["post-183","page","type-page","status-publish","hentry"],"yoast_head":"<!-- This site is optimized with the Yoast SEO plugin v27.2 - https:\/\/yoast.com\/product\/yoast-seo-wordpress\/ -->\n<title>Impressum - Smart Education China<\/title>\n<meta name=\"robots\" content=\"index, follow, max-snippet:-1, max-image-preview:large, max-video-preview:-1\" \/>\n<link rel=\"canonical\" href=\"https:\/\/smart-education-china.org\/de\/impressum\/\" \/>\n<meta property=\"og:locale\" content=\"en_US\" \/>\n<meta property=\"og:type\" content=\"article\" \/>\n<meta property=\"og:title\" content=\"Impressum - Smart Education China\" \/>\n<meta property=\"og:url\" content=\"https:\/\/smart-education-china.org\/de\/impressum\/\" \/>\n<meta property=\"og:site_name\" content=\"Smart Education China\" \/>\n<meta property=\"article:modified_time\" content=\"2023-02-22T13:08:34+00:00\" \/>\n<meta name=\"twitter:card\" content=\"summary_large_image\" \/>\n<meta name=\"twitter:label1\" content=\"Est. reading time\" \/>\n\t<meta name=\"twitter:data1\" content=\"2 minutes\" \/>\n<script type=\"application\/ld+json\" class=\"yoast-schema-graph\">{\"@context\":\"https:\/\/schema.org\",\"@graph\":[{\"@type\":\"WebPage\",\"@id\":\"https:\/\/smart-education-china.org\/de\/impressum\/\",\"url\":\"https:\/\/smart-education-china.org\/de\/impressum\/\",\"name\":\"Impressum - Smart Education China\",\"isPartOf\":{\"@id\":\"https:\/\/smart-education-china.org\/de\/#website\"},\"datePublished\":\"2015-08-01T07:30:41+00:00\",\"dateModified\":\"2023-02-22T13:08:34+00:00\",\"breadcrumb\":{\"@id\":\"https:\/\/smart-education-china.org\/de\/impressum\/#breadcrumb\"},\"inLanguage\":\"en-US\",\"potentialAction\":[{\"@type\":\"ReadAction\",\"target\":[\"https:\/\/smart-education-china.org\/de\/impressum\/\"]}]},{\"@type\":\"BreadcrumbList\",\"@id\":\"https:\/\/smart-education-china.org\/de\/impressum\/#breadcrumb\",\"itemListElement\":[{\"@type\":\"ListItem\",\"position\":1,\"name\":\"Home\",\"item\":\"https:\/\/smart-education-china.org\/de\/\"},{\"@type\":\"ListItem\",\"position\":2,\"name\":\"Impressum\"}]},{\"@type\":\"WebSite\",\"@id\":\"https:\/\/smart-education-china.org\/de\/#website\",\"url\":\"https:\/\/smart-education-china.org\/de\/\",\"name\":\"Smart Education China\",\"description\":\"Official website of Initiative Smart Education China\",\"potentialAction\":[{\"@type\":\"SearchAction\",\"target\":{\"@type\":\"EntryPoint\",\"urlTemplate\":\"https:\/\/smart-education-china.org\/de\/?s={search_term_string}\"},\"query-input\":{\"@type\":\"PropertyValueSpecification\",\"valueRequired\":true,\"valueName\":\"search_term_string\"}}],\"inLanguage\":\"en-US\"}]}<\/script>\n<!-- \/ Yoast SEO plugin. -->","yoast_head_json":{"title":"Impressum - Smart Education China","robots":{"index":"index","follow":"follow","max-snippet":"max-snippet:-1","max-image-preview":"max-image-preview:large","max-video-preview":"max-video-preview:-1"},"canonical":"https:\/\/smart-education-china.org\/de\/impressum\/","og_locale":"en_US","og_type":"article","og_title":"Impressum - Smart Education China","og_url":"https:\/\/smart-education-china.org\/de\/impressum\/","og_site_name":"Smart Education China","article_modified_time":"2023-02-22T13:08:34+00:00","twitter_card":"summary_large_image","twitter_misc":{"Est. reading time":"2 minutes"},"schema":{"@context":"https:\/\/schema.org","@graph":[{"@type":"WebPage","@id":"https:\/\/smart-education-china.org\/de\/impressum\/","url":"https:\/\/smart-education-china.org\/de\/impressum\/","name":"Impressum - Smart Education China","isPartOf":{"@id":"https:\/\/smart-education-china.org\/de\/#website"},"datePublished":"2015-08-01T07:30:41+00:00","dateModified":"2023-02-22T13:08:34+00:00","breadcrumb":{"@id":"https:\/\/smart-education-china.org\/de\/impressum\/#breadcrumb"},"inLanguage":"en-US","potentialAction":[{"@type":"ReadAction","target":["https:\/\/smart-education-china.org\/de\/impressum\/"]}]},{"@type":"BreadcrumbList","@id":"https:\/\/smart-education-china.org\/de\/impressum\/#breadcrumb","itemListElement":[{"@type":"ListItem","position":1,"name":"Home","item":"https:\/\/smart-education-china.org\/de\/"},{"@type":"ListItem","position":2,"name":"Impressum"}]},{"@type":"WebSite","@id":"https:\/\/smart-education-china.org\/de\/#website","url":"https:\/\/smart-education-china.org\/de\/","name":"Smart Education China","description":"Official website of Initiative Smart Education China","potentialAction":[{"@type":"SearchAction","target":{"@type":"EntryPoint","urlTemplate":"https:\/\/smart-education-china.org\/de\/?s={search_term_string}"},"query-input":{"@type":"PropertyValueSpecification","valueRequired":true,"valueName":"search_term_string"}}],"inLanguage":"en-US"}]}},"_links":{"self":[{"href":"https:\/\/smart-education-china.org\/de\/wp-json\/wp\/v2\/pages\/183","targetHints":{"allow":["GET"]}}],"collection":[{"href":"https:\/\/smart-education-china.org\/de\/wp-json\/wp\/v2\/pages"}],"about":[{"href":"https:\/\/smart-education-china.org\/de\/wp-json\/wp\/v2\/types\/page"}],"author":[{"embeddable":true,"href":"https:\/\/smart-education-china.org\/de\/wp-json\/wp\/v2\/users\/6"}],"replies":[{"embeddable":true,"href":"https:\/\/smart-education-china.org\/de\/wp-json\/wp\/v2\/comments?post=183"}],"version-history":[{"count":10,"href":"https:\/\/smart-education-china.org\/de\/wp-json\/wp\/v2\/pages\/183\/revisions"}],"predecessor-version":[{"id":690,"href":"https:\/\/smart-education-china.org\/de\/wp-json\/wp\/v2\/pages\/183\/revisions\/690"}],"wp:attachment":[{"href":"https:\/\/smart-education-china.org\/de\/wp-json\/wp\/v2\/media?parent=183"}],"curies":[{"name":"wp","href":"https:\/\/api.w.org\/{rel}","templated":true}]}}