{"id":23,"date":"2015-08-22T09:20:00","date_gmt":"2015-08-22T07:20:00","guid":{"rendered":"http:\/\/smart-education-china.org\/de\/?page_id=23"},"modified":"2020-10-30T17:02:01","modified_gmt":"2020-10-30T16:02:01","slug":"sedlak-partner","status":"publish","type":"page","link":"https:\/\/smart-education-china.org\/de\/sedlak-partner\/","title":{"rendered":"S&#038;P Consulting"},"content":{"rendered":"<p>Die S&amp;P Consulting International Consulting Group \u00a0ist eine der f\u00fchrenden systemischen Organisationsberatungen und Experte f\u00fcr tiefgreifende Ver\u00e4nderungsprozesse im strategischen Kontext und bef\u00e4higt Unternehmen sich vorausschauend auf die dynamischen und disruptiven Ver\u00e4nderungen einzustellen und f\u00fcr sich zu nutzen. S&amp;P Consulting st\u00e4rkt seit \u00fcber 30 Jahren die Selbsterneuerungskraft von Unternehmen und begleitet sie, die eigene Positionierung zu sch\u00e4rfen, organisationale Ver\u00e4nderungen erfolgreich zu bew\u00e4ltigen sowie das Personal entsprechend zu entwickeln. S&amp;P Consulting st\u00fctzt sich dabei auf die Systemische Organisationstheorie.<\/p>\n<p><div class='content-column one_third'><div style=\"padding:10px 20px 5px 0px;\"><img loading=\"lazy\" decoding=\"async\" class=\"alignnone wp-image-380 size-full\" src=\"http:\/\/smart-education-china.org\/de\/wp-content\/uploads\/2015\/08\/Bild1.png\" alt=\"Asia\" width=\"535\" height=\"359\" srcset=\"https:\/\/smart-education-china.org\/de\/wp-content\/uploads\/2015\/08\/Bild1.png 535w, https:\/\/smart-education-china.org\/de\/wp-content\/uploads\/2015\/08\/Bild1-150x101.png 150w, https:\/\/smart-education-china.org\/de\/wp-content\/uploads\/2015\/08\/Bild1-300x201.png 300w\" sizes=\"auto, (max-width: 535px) 100vw, 535px\" \/><\/div><\/div><div class='content-column two_third last_column'><div style=\"padding:10px 0px 5px 0px;\">Wir besitzen ein tiefes Verst\u00e4ndnis der Unterschiede westlicher und asiatischer Kulturen. Wir sind in der Lage, Ihnen zu helfen, mit diesen interkulturellen Differenzen umzugehen und diese zu \u00fcberbr\u00fccken und sind in Asien sehr gut vernetzt. Dar\u00fcber hinaus sind wir Mitinitiator der Initiative \u201eSmart Education China\u201c und verf\u00fcgen \u00fcber tiefe Einblicke in das chinesische Schulsystem.<\/div><\/div><div class='clear_column'><\/div><\/p>\n<div class='content-column two_third'><div style=\"padding:0px 20px 10px 0px;\">Mit Blended Consulting gestalten wir unsere Beratungsprozesse zeit- und ressourcensparend. Durch webbasierte Portale zur Datengenerierung k\u00f6nnen Informationen unabh\u00e4ngig von Raum und Zeit erfasst und verwaltet werden. In zeitsparenden Webinaren oder Online-Dialogen transferieren wir diese Informationen f\u00fcr eine schnelle und effektive Abstimmung und Vergemeinschaftung. In Intranet-basierten Kommunikationsplattformen wird die n\u00f6tige Transparenz f\u00fcr Beratungsprozesse geschaffen; bei Bedarf k\u00f6nnen Informationen bez\u00fcglich Entscheidungen und Entwicklungen \u00fcber webbasierte Plattformen kommuniziert werden.<\/div><\/div>\n<div class='content-column one_third last_column'><div style=\"padding:0px 0px 10px 0px;\"><p><img loading=\"lazy\" decoding=\"async\" class=\"alignnone wp-image-383 size-full\" src=\"http:\/\/smart-education-china.org\/de\/wp-content\/uploads\/2015\/08\/Bild2.jpg\" alt=\"Blended Working\" width=\"529\" height=\"356\" srcset=\"https:\/\/smart-education-china.org\/de\/wp-content\/uploads\/2015\/08\/Bild2.jpg 529w, https:\/\/smart-education-china.org\/de\/wp-content\/uploads\/2015\/08\/Bild2-150x101.jpg 150w, https:\/\/smart-education-china.org\/de\/wp-content\/uploads\/2015\/08\/Bild2-300x202.jpg 300w\" sizes=\"auto, (max-width: 529px) 100vw, 529px\" \/><\/p><\/div><\/div><div class='clear_column'><\/div>\n<div class='content-column full_width'><div style=\"padding:0px 0px 40px 0px;\">Unser Hauptsitz ist in Ahrensburg, Gro\u00dfraum Hamburg. In Asien organisieren wir unsere Arbeit \u00fcber unsere Tochtergesellschaft in Shanghai. In unseren Projekten arbeiten unsere Berater mit dem Verst\u00e4ndnis: \u201cOne Business, One Team\u201c. Zu unseren Kunden z\u00e4hlen mittelst\u00e4ndische Unternehmen, hier insbesondere Familienunternehmen und namhafte b\u00f6rsennotierte internationale Konzerne. Seit 1989 geh\u00f6ren wir dem BDU (Bund Deutscher Unternehmensberater) an und erf\u00fcllen damit die internationalen Anforderungen des International Council of Management Consulting Institutes (ICMCI).<\/div><\/div>\n<p><a id=\"anker_robert\"><\/a><div class='content-column one_third'><div style=\"padding:0px 20px 0px 0px;\"><img loading=\"lazy\" decoding=\"async\" class=\"alignnone wp-image-477 size-medium\" src=\"http:\/\/smart-education-china.org\/de\/wp-content\/uploads\/2019\/01\/website01.-SEDL\u00c1K-PARTNER_Web_vern\u00fcnftige-Aufl\u00f6sung-quadratisch-300x300.jpg\" alt=\"\" width=\"300\" height=\"300\" srcset=\"https:\/\/smart-education-china.org\/de\/wp-content\/uploads\/2019\/01\/website01.-SEDL\u00c1K-PARTNER_Web_vern\u00fcnftige-Aufl\u00f6sung-quadratisch-300x300.jpg 300w, https:\/\/smart-education-china.org\/de\/wp-content\/uploads\/2019\/01\/website01.-SEDL\u00c1K-PARTNER_Web_vern\u00fcnftige-Aufl\u00f6sung-quadratisch-150x150.jpg 150w, https:\/\/smart-education-china.org\/de\/wp-content\/uploads\/2019\/01\/website01.-SEDL\u00c1K-PARTNER_Web_vern\u00fcnftige-Aufl\u00f6sung-quadratisch-1024x1024.jpg 1024w, https:\/\/smart-education-china.org\/de\/wp-content\/uploads\/2019\/01\/website01.-SEDL\u00c1K-PARTNER_Web_vern\u00fcnftige-Aufl\u00f6sung-quadratisch-250x250.jpg 250w, https:\/\/smart-education-china.org\/de\/wp-content\/uploads\/2019\/01\/website01.-SEDL\u00c1K-PARTNER_Web_vern\u00fcnftige-Aufl\u00f6sung-quadratisch-174x174.jpg 174w, https:\/\/smart-education-china.org\/de\/wp-content\/uploads\/2019\/01\/website01.-SEDL\u00c1K-PARTNER_Web_vern\u00fcnftige-Aufl\u00f6sung-quadratisch.jpg 1333w\" sizes=\"auto, (max-width: 300px) 100vw, 300px\" \/><\/p><\/div><\/div><div class='content-column two_third last_column'><div style=\"padding:0px 0px 0px 0px;\"><h3>Guest Prof. Robert A. Sedl\u00e1k<\/h3>\n<p>Guest Prof. Robert A. Sedl\u00e1k ist zertifizierter Unternehmensberater CMC (Certified Management Consultant) sowie CEO und Chairman der S&amp;P Consulting International Consulting Group. Er ist Experte f\u00fcr organisationale Selbsterneuerung und erfolgreiche Bew\u00e4ltigung von \u00dcberg\u00e4ngen in Organisationen. In 2013 wurde Robert A. Sedl\u00e1k zum Guest Professor an der East China Normal University (ECNU) berufen. Seitdem hielt Robert A. Sedl\u00e1k in jedem Semester eine Vorlesung im Bereich \u201eNeuere Systemtheorie und webbasierte Kompetenzentwicklung von Lehrern\u201c. Er ist Gr\u00fcndungsmitglied und Direktor des \u201c<a href=\"http:\/\/smart-education-china.org\/de\/research-center\/\">ECNU-S&amp;P Research Center for ICT-Enabled Systemic Changes and Innovations<\/a>\u201c in Shanghai.<\/p><\/div><\/div><div class='clear_column'><\/div><\/p>\n<p><a id=\"anker_boris\"><\/a><div class='content-column one_third'><div style=\"padding:0px 20px 0px 0px;\"><img loading=\"lazy\" decoding=\"async\" class=\"alignnone wp-image-623 size-medium\" src=\"http:\/\/smart-education-china.org\/de\/wp-content\/uploads\/2020\/09\/Boris-Wesemann_Print_11.-Januar-2019_8_klein-1-300x300.jpg\" alt=\"\" width=\"300\" height=\"300\" srcset=\"https:\/\/smart-education-china.org\/de\/wp-content\/uploads\/2020\/09\/Boris-Wesemann_Print_11.-Januar-2019_8_klein-1-300x300.jpg 300w, https:\/\/smart-education-china.org\/de\/wp-content\/uploads\/2020\/09\/Boris-Wesemann_Print_11.-Januar-2019_8_klein-1-150x150.jpg 150w, https:\/\/smart-education-china.org\/de\/wp-content\/uploads\/2020\/09\/Boris-Wesemann_Print_11.-Januar-2019_8_klein-1-250x250.jpg 250w, https:\/\/smart-education-china.org\/de\/wp-content\/uploads\/2020\/09\/Boris-Wesemann_Print_11.-Januar-2019_8_klein-1-174x174.jpg 174w, https:\/\/smart-education-china.org\/de\/wp-content\/uploads\/2020\/09\/Boris-Wesemann_Print_11.-Januar-2019_8_klein-1.jpg 450w\" sizes=\"auto, (max-width: 300px) 100vw, 300px\" \/><\/p><\/div><\/div><div class='content-column two_third last_column'><h3>Boris Wesemann<\/h3>\n<p>Boris Wesemann hat die Erhebung zur Ermittlung der Anforderungen westlicher Unternehmen an Schul- und Hochschulabsolventen in China geleitet und koordiniert aktuell die weitere Forschungsarbeit zwischen S&amp;P und der ECNU. Er verf\u00fcgt \u00fcber einen Abschluss als Diplom-Wirtschaftsp\u00e4dagoge und hat als Head of Learning and Development in Kundenprojekten f\u00fcr S&amp;P Consulting die Verzahnung von Organisations- und Personalentwicklung durch Blended Learning Konzepte unterst\u00fctzt.\u00a0 Boris Wesemann hat als Mitentwickler einen wichtigen Beitrag zur erfolgreichen Etablierung des <a href=\"http:\/\/smart-education-china.org\/de\/research-center\/performance-simulator\/\">PERFORMANCE SIMULATOR\u00ae<\/a> geleistet \u2013 einem web-und mediengest\u00fctzten Trainingstool zur gezielten Kompetenzmessung und Kompetenzentwicklung. Mit der innovativen Technologie des PERFORMANCE SIMULATOR\u00ae k\u00f6nnen notwendige Lern- und Ver\u00e4nderungsprozesse effizient etabliert werden.<\/p><\/div><div class='clear_column'><\/div><\/p>\n<p><a id=\"anker_emily\"><\/a><div class='content-column one_third'><div style=\"padding:0px 20px 0px 0px;\"><img loading=\"lazy\" decoding=\"async\" class=\"alignnone wp-image-629 size-medium\" src=\"http:\/\/smart-education-china.org\/de\/wp-content\/uploads\/2020\/09\/Emily_333x333-300x300.jpg\" alt=\"\" width=\"300\" height=\"300\" srcset=\"https:\/\/smart-education-china.org\/de\/wp-content\/uploads\/2020\/09\/Emily_333x333-300x300.jpg 300w, https:\/\/smart-education-china.org\/de\/wp-content\/uploads\/2020\/09\/Emily_333x333-150x150.jpg 150w, https:\/\/smart-education-china.org\/de\/wp-content\/uploads\/2020\/09\/Emily_333x333-250x250.jpg 250w, https:\/\/smart-education-china.org\/de\/wp-content\/uploads\/2020\/09\/Emily_333x333-174x174.jpg 174w, https:\/\/smart-education-china.org\/de\/wp-content\/uploads\/2020\/09\/Emily_333x333.jpg 333w\" sizes=\"auto, (max-width: 300px) 100vw, 300px\" \/><\/p><\/div><\/div><div class='content-column two_third last_column'><h3>Emily Lu<\/h3>\n<p>Emily Lu ist General Managerin des S&amp;P Consulting Branch Office in Shanghai t\u00e4tig. Seit 2015 ist Emily Lu verantwortlich f\u00fcr die Koordination und Kommunikation zwischen der ECNU und der S&amp;P Consulting International Consulting Group im Rahmen des \u201eECNU-S&amp;P Research Center for ICT-Enabled Systemic Changes and Innovations\u201d. Als Projektmanagerin koordiniert sie die aktuelle Zusammenarbeit und begleitet die Interviews mit Young Professionals. Dar\u00fcber hinaus organisiert sie erfolgreich die Vorlesungen von Guest Prof. Sedl\u00e1k an der ECNU.<\/p><\/div><div class='clear_column'><\/div><\/p>\n<p><a id=\"anker_yiqing\"><\/a><div class='content-column one_third'><div style=\"padding:0px 20px 0px 0px;\"><img loading=\"lazy\" decoding=\"async\" class=\"alignnone wp-image-63 size-medium\" src=\"http:\/\/smart-education-china.org\/de\/wp-content\/uploads\/2015\/08\/yiqing-website-300x300.png\" alt=\"Yiqing Zhang\" width=\"300\" height=\"300\" srcset=\"https:\/\/smart-education-china.org\/de\/wp-content\/uploads\/2015\/08\/yiqing-website-300x300.png 300w, https:\/\/smart-education-china.org\/de\/wp-content\/uploads\/2015\/08\/yiqing-website-150x150.png 150w, https:\/\/smart-education-china.org\/de\/wp-content\/uploads\/2015\/08\/yiqing-website-250x250.png 250w, https:\/\/smart-education-china.org\/de\/wp-content\/uploads\/2015\/08\/yiqing-website-174x174.png 174w, https:\/\/smart-education-china.org\/de\/wp-content\/uploads\/2015\/08\/yiqing-website.png 498w\" sizes=\"auto, (max-width: 300px) 100vw, 300px\" \/><\/p><\/div><\/div><div class='content-column two_third last_column'><h3>Yiqing Zhang<\/h3>\n<p>Yiqing Zhang ist als Berater f\u00fcr das S&amp;P Consulting Branch Office in Shanghai t\u00e4tig. Seine Beratungsschwer\u00adpunkte umfassen Strategieentwicklung und -implementierung sowie die Markterschlie\u00dfung in China. Bis September 2015 hat Yiqing Zhang die Koordination und Kommunikation zwischen der ECNU und der S&amp;P Consulting International Consulting Group im Rahmen des \u201eECNU-S&amp;P Research Center for ICT-Enabled Systemic Changes and Innovations\u201d verantwortet. Zudem war Yiqing Zhang an der Produktion des PERFORMANCE SIMULATOR\u00ae \u201cTechnology Changes Teaching \u2013 Organisation und Management des IT-gest\u00fctzten Unterrichts\u201c beteiligt.<\/p><\/div><div class='clear_column'><\/div><\/p>\n","protected":false},"excerpt":{"rendered":"<p>Die S&amp;P Consulting International Consulting Group \u00a0ist eine der f\u00fchrenden systemischen Organisationsberatungen und Experte f\u00fcr tiefgreifende Ver\u00e4nderungsprozesse im strategischen Kontext und bef\u00e4higt Unternehmen sich vorausschauend auf die dynamischen und disruptiven Ver\u00e4nderungen einzustellen und f\u00fcr sich zu nutzen. S&amp;P Consulting st\u00e4rkt seit \u00fcber 30 Jahren die Selbsterneuerungskraft von Unternehmen und begleitet sie, die eigene Positionierung zu<a href=\"https:\/\/smart-education-china.org\/de\/sedlak-partner\/\">[&#8230;]<\/a><\/p>\n","protected":false},"author":2,"featured_media":313,"parent":0,"menu_order":0,"comment_status":"closed","ping_status":"closed","template":"","meta":{"footnotes":""},"class_list":["post-23","page","type-page","status-publish","has-post-thumbnail","hentry"],"yoast_head":"<!-- This site is optimized with the Yoast SEO plugin v27.2 - https:\/\/yoast.com\/product\/yoast-seo-wordpress\/ -->\n<title>S&amp;P Consulting - Smart Education China<\/title>\n<meta name=\"robots\" content=\"index, follow, max-snippet:-1, max-image-preview:large, max-video-preview:-1\" \/>\n<link rel=\"canonical\" href=\"https:\/\/smart-education-china.org\/de\/sedlak-partner\/\" \/>\n<meta property=\"og:locale\" content=\"en_US\" \/>\n<meta property=\"og:type\" content=\"article\" \/>\n<meta property=\"og:title\" content=\"S&amp;P Consulting - Smart Education China\" \/>\n<meta property=\"og:description\" content=\"Die S&amp;P Consulting International Consulting Group \u00a0ist eine der f\u00fchrenden systemischen Organisationsberatungen und Experte f\u00fcr tiefgreifende Ver\u00e4nderungsprozesse im strategischen Kontext und bef\u00e4higt Unternehmen sich vorausschauend auf die dynamischen und disruptiven Ver\u00e4nderungen einzustellen und f\u00fcr sich zu nutzen. S&amp;P Consulting st\u00e4rkt seit \u00fcber 30 Jahren die Selbsterneuerungskraft von Unternehmen und begleitet sie, die eigene Positionierung zu[...]\" \/>\n<meta property=\"og:url\" content=\"https:\/\/smart-education-china.org\/de\/sedlak-partner\/\" \/>\n<meta property=\"og:site_name\" content=\"Smart Education China\" \/>\n<meta property=\"article:modified_time\" content=\"2020-10-30T16:02:01+00:00\" \/>\n<meta property=\"og:image\" content=\"https:\/\/smart-education-china.org\/de\/wp-content\/uploads\/2015\/08\/SuP_Vorschau.jpg\" \/>\n\t<meta property=\"og:image:width\" content=\"358\" \/>\n\t<meta property=\"og:image:height\" content=\"358\" \/>\n\t<meta property=\"og:image:type\" content=\"image\/jpeg\" \/>\n<meta name=\"twitter:card\" content=\"summary_large_image\" \/>\n<meta name=\"twitter:label1\" content=\"Est. reading time\" \/>\n\t<meta name=\"twitter:data1\" content=\"4 minutes\" \/>\n<script type=\"application\/ld+json\" class=\"yoast-schema-graph\">{\"@context\":\"https:\/\/schema.org\",\"@graph\":[{\"@type\":\"WebPage\",\"@id\":\"https:\/\/smart-education-china.org\/de\/sedlak-partner\/\",\"url\":\"https:\/\/smart-education-china.org\/de\/sedlak-partner\/\",\"name\":\"S&P Consulting - Smart Education China\",\"isPartOf\":{\"@id\":\"https:\/\/smart-education-china.org\/de\/#website\"},\"primaryImageOfPage\":{\"@id\":\"https:\/\/smart-education-china.org\/de\/sedlak-partner\/#primaryimage\"},\"image\":{\"@id\":\"https:\/\/smart-education-china.org\/de\/sedlak-partner\/#primaryimage\"},\"thumbnailUrl\":\"https:\/\/smart-education-china.org\/de\/wp-content\/uploads\/2015\/08\/SuP_Vorschau.jpg\",\"datePublished\":\"2015-08-22T07:20:00+00:00\",\"dateModified\":\"2020-10-30T16:02:01+00:00\",\"breadcrumb\":{\"@id\":\"https:\/\/smart-education-china.org\/de\/sedlak-partner\/#breadcrumb\"},\"inLanguage\":\"en-US\",\"potentialAction\":[{\"@type\":\"ReadAction\",\"target\":[\"https:\/\/smart-education-china.org\/de\/sedlak-partner\/\"]}]},{\"@type\":\"ImageObject\",\"inLanguage\":\"en-US\",\"@id\":\"https:\/\/smart-education-china.org\/de\/sedlak-partner\/#primaryimage\",\"url\":\"https:\/\/smart-education-china.org\/de\/wp-content\/uploads\/2015\/08\/SuP_Vorschau.jpg\",\"contentUrl\":\"https:\/\/smart-education-china.org\/de\/wp-content\/uploads\/2015\/08\/SuP_Vorschau.jpg\",\"width\":358,\"height\":358},{\"@type\":\"BreadcrumbList\",\"@id\":\"https:\/\/smart-education-china.org\/de\/sedlak-partner\/#breadcrumb\",\"itemListElement\":[{\"@type\":\"ListItem\",\"position\":1,\"name\":\"Home\",\"item\":\"https:\/\/smart-education-china.org\/de\/\"},{\"@type\":\"ListItem\",\"position\":2,\"name\":\"S&#038;P Consulting\"}]},{\"@type\":\"WebSite\",\"@id\":\"https:\/\/smart-education-china.org\/de\/#website\",\"url\":\"https:\/\/smart-education-china.org\/de\/\",\"name\":\"Smart Education China\",\"description\":\"Official website of Initiative Smart Education China\",\"potentialAction\":[{\"@type\":\"SearchAction\",\"target\":{\"@type\":\"EntryPoint\",\"urlTemplate\":\"https:\/\/smart-education-china.org\/de\/?s={search_term_string}\"},\"query-input\":{\"@type\":\"PropertyValueSpecification\",\"valueRequired\":true,\"valueName\":\"search_term_string\"}}],\"inLanguage\":\"en-US\"}]}<\/script>\n<!-- \/ Yoast SEO plugin. -->","yoast_head_json":{"title":"S&P Consulting - Smart Education China","robots":{"index":"index","follow":"follow","max-snippet":"max-snippet:-1","max-image-preview":"max-image-preview:large","max-video-preview":"max-video-preview:-1"},"canonical":"https:\/\/smart-education-china.org\/de\/sedlak-partner\/","og_locale":"en_US","og_type":"article","og_title":"S&P Consulting - Smart Education China","og_description":"Die S&amp;P Consulting International Consulting Group \u00a0ist eine der f\u00fchrenden systemischen Organisationsberatungen und Experte f\u00fcr tiefgreifende Ver\u00e4nderungsprozesse im strategischen Kontext und bef\u00e4higt Unternehmen sich vorausschauend auf die dynamischen und disruptiven Ver\u00e4nderungen einzustellen und f\u00fcr sich zu nutzen. S&amp;P Consulting st\u00e4rkt seit \u00fcber 30 Jahren die Selbsterneuerungskraft von Unternehmen und begleitet sie, die eigene Positionierung zu[...]","og_url":"https:\/\/smart-education-china.org\/de\/sedlak-partner\/","og_site_name":"Smart Education China","article_modified_time":"2020-10-30T16:02:01+00:00","og_image":[{"width":358,"height":358,"url":"https:\/\/smart-education-china.org\/de\/wp-content\/uploads\/2015\/08\/SuP_Vorschau.jpg","type":"image\/jpeg"}],"twitter_card":"summary_large_image","twitter_misc":{"Est. reading time":"4 minutes"},"schema":{"@context":"https:\/\/schema.org","@graph":[{"@type":"WebPage","@id":"https:\/\/smart-education-china.org\/de\/sedlak-partner\/","url":"https:\/\/smart-education-china.org\/de\/sedlak-partner\/","name":"S&P Consulting - Smart Education China","isPartOf":{"@id":"https:\/\/smart-education-china.org\/de\/#website"},"primaryImageOfPage":{"@id":"https:\/\/smart-education-china.org\/de\/sedlak-partner\/#primaryimage"},"image":{"@id":"https:\/\/smart-education-china.org\/de\/sedlak-partner\/#primaryimage"},"thumbnailUrl":"https:\/\/smart-education-china.org\/de\/wp-content\/uploads\/2015\/08\/SuP_Vorschau.jpg","datePublished":"2015-08-22T07:20:00+00:00","dateModified":"2020-10-30T16:02:01+00:00","breadcrumb":{"@id":"https:\/\/smart-education-china.org\/de\/sedlak-partner\/#breadcrumb"},"inLanguage":"en-US","potentialAction":[{"@type":"ReadAction","target":["https:\/\/smart-education-china.org\/de\/sedlak-partner\/"]}]},{"@type":"ImageObject","inLanguage":"en-US","@id":"https:\/\/smart-education-china.org\/de\/sedlak-partner\/#primaryimage","url":"https:\/\/smart-education-china.org\/de\/wp-content\/uploads\/2015\/08\/SuP_Vorschau.jpg","contentUrl":"https:\/\/smart-education-china.org\/de\/wp-content\/uploads\/2015\/08\/SuP_Vorschau.jpg","width":358,"height":358},{"@type":"BreadcrumbList","@id":"https:\/\/smart-education-china.org\/de\/sedlak-partner\/#breadcrumb","itemListElement":[{"@type":"ListItem","position":1,"name":"Home","item":"https:\/\/smart-education-china.org\/de\/"},{"@type":"ListItem","position":2,"name":"S&#038;P Consulting"}]},{"@type":"WebSite","@id":"https:\/\/smart-education-china.org\/de\/#website","url":"https:\/\/smart-education-china.org\/de\/","name":"Smart Education China","description":"Official website of Initiative Smart Education China","potentialAction":[{"@type":"SearchAction","target":{"@type":"EntryPoint","urlTemplate":"https:\/\/smart-education-china.org\/de\/?s={search_term_string}"},"query-input":{"@type":"PropertyValueSpecification","valueRequired":true,"valueName":"search_term_string"}}],"inLanguage":"en-US"}]}},"_links":{"self":[{"href":"https:\/\/smart-education-china.org\/de\/wp-json\/wp\/v2\/pages\/23","targetHints":{"allow":["GET"]}}],"collection":[{"href":"https:\/\/smart-education-china.org\/de\/wp-json\/wp\/v2\/pages"}],"about":[{"href":"https:\/\/smart-education-china.org\/de\/wp-json\/wp\/v2\/types\/page"}],"author":[{"embeddable":true,"href":"https:\/\/smart-education-china.org\/de\/wp-json\/wp\/v2\/users\/2"}],"replies":[{"embeddable":true,"href":"https:\/\/smart-education-china.org\/de\/wp-json\/wp\/v2\/comments?post=23"}],"version-history":[{"count":60,"href":"https:\/\/smart-education-china.org\/de\/wp-json\/wp\/v2\/pages\/23\/revisions"}],"predecessor-version":[{"id":670,"href":"https:\/\/smart-education-china.org\/de\/wp-json\/wp\/v2\/pages\/23\/revisions\/670"}],"wp:featuredmedia":[{"embeddable":true,"href":"https:\/\/smart-education-china.org\/de\/wp-json\/wp\/v2\/media\/313"}],"wp:attachment":[{"href":"https:\/\/smart-education-china.org\/de\/wp-json\/wp\/v2\/media?parent=23"}],"curies":[{"name":"wp","href":"https:\/\/api.w.org\/{rel}","templated":true}]}}