{"id":544,"date":"2019-01-28T11:25:00","date_gmt":"2019-01-28T10:25:00","guid":{"rendered":"http:\/\/smart-education-china.org\/de\/?page_id=544"},"modified":"2023-02-22T16:46:42","modified_gmt":"2023-02-22T15:46:42","slug":"initiative","status":"publish","type":"page","link":"https:\/\/smart-education-china.org\/de\/initiative\/","title":{"rendered":"Bildungsinitiative \u201cSmart Education China\u201c"},"content":{"rendered":"<p>Die Bildungsinitiative Smart Education China verfolgt das Ziel, Gleichheit, Qualit\u00e4t und Innovation als Grundpfeiler des zuk\u00fcnftigen chinesischen Bildungssystems zu etablieren:<\/p>\n<ul>\n<li>Gleichheit: Jeder Student und jede Studentin hat die gleichen M\u00f6glichkeiten zum Studieren<\/li>\n<li>Qualit\u00e4t: Von einem Notensystem zu einem umfassenden Bewertungssystem<\/li>\n<li>Innovation: Von reiner Wissensvermittlung zum Hands-on-Kompetenztraining<\/li>\n<\/ul>\n<p>Die heute sehr unflexiblen Lehrpl\u00e4ne und das eingefahrene Bildungssystem sollen, so der Plan der Bildungsinitiative, insgesamt umstrukturiert werden, um Sch\u00fclerinnen und Sch\u00fcler, Absolventinnen und Absolventen besser auf die wachsenden und sich wandelnden Herausforderungen des Berufslebens vorzubereiten. Der lehrerzentrierte Frontalunterricht soll durch einen sch\u00fclerzentrierten Unterricht abgel\u00f6st werden, in dem der Lehrer eher als Coach agiert. Lehrer sollen in der Lage sein, Selbststudium, Forschungsprojekte und kollaborative Lernprojekte f\u00fcr Sch\u00fcler zu organisieren. Die Sch\u00fcler sollen in der Wahl ihrer F\u00e4cher frei sein und ihre praktischen Kompetenzen entwickeln d\u00fcrfen.<\/p>\n<h3><a name=\"_Toc51621728\"><\/a>Thesen von Prof. Dr. Zhu bez\u00fcglich \u201cSmart Education China\u201d<\/h3>\n<ul>\n<li>Smarte E-Learning-Umgebungen k\u00f6nnen die kognitive Belastung des Lernenden reduzieren und dadurch den Fokus auf das Sinnvolle erm\u00f6glichen und die Konstruktion der Ontologie erleichtern<\/li>\n<li>Smarte E-Learning-Umgebungen k\u00f6nnen die Lernerfahrung des Lernenden vertiefen und ausbauen; somit wird die Entwicklung des Lernenden ganzheitlich beeinflusst (affektiv, intellektuell und physisch)<\/li>\n<li>Smarte E-Learning-Umgebungen erm\u00f6glichen flexibles Lernen und kollaboratives Arbeiten, was wiederum die Pers\u00f6nlichkeitsentwicklung und die kollektive Intelligenz st\u00e4rkt<\/li>\n<li>Smarte E-Learning-Umgebungen k\u00f6nnen bessere Lernunterst\u00fctzung bieten, welche auf den Lernenden zugeschnitten ist, sodass die Erwartungen des Lernenden verbessert werden<\/li>\n<\/ul>\n<p><img loading=\"lazy\" decoding=\"async\" class=\"alignright wp-image-264 size-medium\" src=\"http:\/\/smart-education-china.org\/de\/wp-content\/uploads\/2015\/08\/Dr.-Zhu2-300x241.png\" alt=\"Prof. Dr. Zhu\" width=\"300\" height=\"241\" srcset=\"https:\/\/smart-education-china.org\/de\/wp-content\/uploads\/2015\/08\/Dr.-Zhu2-300x241.png 300w, https:\/\/smart-education-china.org\/de\/wp-content\/uploads\/2015\/08\/Dr.-Zhu2.png 817w\" sizes=\"auto, (max-width: 300px) 100vw, 300px\" \/><\/p>\n<blockquote>\n<p><em>Die Essenz von <b>Smarter Education <\/b>ist die Schaffung intelligenter Umgebungen durch den Einsatz smarter Technologien. Auf diese Weise k\u00f6nnen p\u00e4dagogische Methoden personalisierte Lernangebote unterst\u00fctzen und Lernende und somit Talente, mit einer besseren Werteorientierung, h\u00f6heren Denkqualit\u00e4t und st\u00e4rkeren Handlungsf\u00e4higkeit f\u00f6rdern.<\/em><\/p>\n<p style=\"text-align: right;\"><i>Zhu Zhiting, 2012<\/i><\/p>\n<\/blockquote>\n<h3><!--more--><\/h3>\n<p><\/p>\n<p><!--\n\n\n\n\n\n\n\n\n<h4><strong>China Smart School Award<\/strong>\nAuf Basis der Ergebnisse sollen entsprechende Ma\u00dfnahmen zur Optimierung der beteiligten Schulen mit dem Bildungsministerium in Beijing erarbeitet und umgesetzt werden (Struktur\/Lehrerentwicklung). Danach ist geplant, den China Smart School Award ins Leben zu rufen. Weiterhin wird ein Beobachtungs- und Bewertungsraster f\u00fcr den China Smart School Award in Zusammenarbeit mit Bildungsexperten aus China und Deutschland erarbeitet unter Ber\u00fccksichtigung der Ergebnisse aus der Online-Befragung und der speziellen kulturellen Anforderungen in China. Zun\u00e4chst sollen 300 Schulen, inklusive Berufsschulen in Shanghai, Jiangsu, Shandong, Zhejiang, Anhui, Henan, Fujian, Hunan und Chongqing an dem Wettbewerb des China Smart School Award teilnehmen. Danach wird entschieden, in welchen weiteren Provinzen der Schulpreis ausgerollt werden soll.\n--><\/h4><\/p>\n\n\n\n<h3 class=\"wp-block-heading\">Aktivit\u00e4ten und Studien<\/h3>\n\n\n\n<ul class=\"wp-block-list\"><li>Forschungsauftrag zur Reflexion der beruflichen Qualifikation chinesischer Schul- und Hochschulabsolventen aus der Perspektive junger Berufseinsteiger<\/li><li>Erarbeitung eines Onboarding-Konzepts f\u00fcr Berufseinsteiger in China, das es insbesondere westlichen Unternehmen erleichtert, die passenden Nachwuchskr\u00e4fte zu finden, sie erfolgreich in die betrieblichen Arbeitsprozesse zu integrieren und langfristig im Unternehmen zu halten<\/li><li>Untersuchungsreihe zur beruflichen Qualifikation von chinesischen Schul- und Hochschulabsolventen mit besonderer Betrachtung der Frage, inwieweit Absolventen des chinesischen Bildungssystems die Erwartungen westlicher Unternehmen erf\u00fcllen<\/li><li>Erarbeitung eines Schulpreiskonzepts f\u00fcr innovative Schulprojekte in China<\/li><li>Einsatz von innovativen Blended-Learning-Konzepten und selbstproduzierten, videobasierten E-Learning-Modulen in einem Pilotprojekt f\u00fcr die Weiterentwicklung der Lehrerbildung in China in Kooperation mit dem PIED in Shanghai<\/li><li>Produktion des PERFORMANCE SIMULATOR\u00ae \u201eTechnology Changes Teaching\u201d f\u00fcr die Aus- und Weiterbildung chinesischer Lehrkr\u00e4fte<\/li><li>Durchf\u00fchrung verschiedener Projekte zum Einsatz von modernen Blended-Learning-Konzepten in der Lehrerbildung unter Einsatz des \u00fcbersetzten PERFORMANCE SIMULATOR\u00ae \u201eSouver\u00e4n F\u00fchren im Unterricht\u201c<\/li><\/ul>\n\n\n\n<h3 class=\"wp-block-heading\">Projektmitglieder<\/h3>\n\n\n\n<p>S&amp;P Projektmitglieder \u201cSmart Education China\u201c<\/p>\n\n\n\n<ul class=\"wp-block-list\"><li><a href=\"http:\/\/smart-education-china.org\/de\/sedlak-partner\/#anker_robert\">Guest Prof. Robert A. Sedl\u00e1k<\/a><\/li><li><a href=\"http:\/\/smart-education-china.org\/de\/sedlak-partner\/#anker_boris\">Boris Wesemann<\/a><\/li><li><a href=\"http:\/\/smart-education-china.org\/de\/sedlak-partner\/#anker_emily\">Emily Lu<\/a><\/li><li><a href=\"http:\/\/smart-education-china.org\/de\/sedlak-partner\/#anker_yiqing\">Yiqing Zhang<\/a><\/li><\/ul>\n\n\n\n<p>ECNU Projektmitglieder \u201cSmart Education China\u201c<\/p>\n\n\n\n<ul class=\"wp-block-list\"><li><a href=\"http:\/\/smart-education-china.org\/de\/ecnu\/#anker_zhiting\">Prof. Dr. Zhu Zhiting<\/a><\/li><li><a href=\"http:\/\/smart-education-china.org\/de\/ecnu\/#anker_yan\">Prof. Dr. Hanbing Yan<\/a><\/li><li><a href=\"http:\/\/smart-education-china.org\/de\/ecnu\/#anker_peng\">Dr. Hongchao Peng<\/a><\/li><li><a href=\"http:\/\/smart-education-china.org\/de\/ecnu\/#anker_sun\">Dr. Yanyan Sun<\/a><\/li><li><a href=\"http:\/\/smart-education-china.org\/de\/ecnu\/#anker_xu\">Dr. Xianlong Xu<\/a><\/li><li><a href=\"http:\/\/smart-education-china.org\/de\/ecnu\/#anker_xiao\">Dr. Yumin Xiao<\/a><\/li><li><a href=\"http:\/\/smart-education-china.org\/de\/ecnu\/#anker_li\">Xiaoying Li<\/a><\/li><li><a href=\"http:\/\/smart-education-china.org\/de\/ecnu\/#anker_liang\">Luo Liang<\/a><\/li><\/ul>\n","protected":false},"excerpt":{"rendered":"<p>Die Bildungsinitiative Smart Education China verfolgt das Ziel, Gleichheit, Qualit\u00e4t und Innovation als Grundpfeiler des zuk\u00fcnftigen chinesischen Bildungssystems zu etablieren: Gleichheit: Jeder Student und jede Studentin hat die gleichen M\u00f6glichkeiten zum Studieren Qualit\u00e4t: Von einem Notensystem zu einem umfassenden Bewertungssystem Innovation: Von reiner Wissensvermittlung zum Hands-on-Kompetenztraining Die heute sehr unflexiblen Lehrpl\u00e4ne und das eingefahrene Bildungssystem<a href=\"https:\/\/smart-education-china.org\/de\/initiative\/\">[&#8230;]<\/a><\/p>\n","protected":false},"author":6,"featured_media":315,"parent":0,"menu_order":0,"comment_status":"closed","ping_status":"closed","template":"","meta":{"footnotes":""},"class_list":["post-544","page","type-page","status-publish","has-post-thumbnail","hentry"],"yoast_head":"<!-- This site is optimized with the Yoast SEO plugin v27.2 - https:\/\/yoast.com\/product\/yoast-seo-wordpress\/ -->\n<title>Bildungsinitiative \u201cSmart Education China\u201c - Smart Education China<\/title>\n<meta name=\"robots\" content=\"index, follow, max-snippet:-1, max-image-preview:large, max-video-preview:-1\" \/>\n<link rel=\"canonical\" href=\"https:\/\/smart-education-china.org\/de\/initiative\/\" \/>\n<meta property=\"og:locale\" content=\"en_US\" \/>\n<meta property=\"og:type\" content=\"article\" \/>\n<meta property=\"og:title\" content=\"Bildungsinitiative \u201cSmart Education China\u201c - Smart Education China\" \/>\n<meta property=\"og:description\" content=\"Die Bildungsinitiative Smart Education China verfolgt das Ziel, Gleichheit, Qualit\u00e4t und Innovation als Grundpfeiler des zuk\u00fcnftigen chinesischen Bildungssystems zu etablieren: Gleichheit: Jeder Student und jede Studentin hat die gleichen M\u00f6glichkeiten zum Studieren Qualit\u00e4t: Von einem Notensystem zu einem umfassenden Bewertungssystem Innovation: Von reiner Wissensvermittlung zum Hands-on-Kompetenztraining Die heute sehr unflexiblen Lehrpl\u00e4ne und das eingefahrene Bildungssystem[...]\" \/>\n<meta property=\"og:url\" content=\"https:\/\/smart-education-china.org\/de\/initiative\/\" \/>\n<meta property=\"og:site_name\" content=\"Smart Education China\" \/>\n<meta property=\"article:modified_time\" content=\"2023-02-22T15:46:42+00:00\" \/>\n<meta property=\"og:image\" content=\"https:\/\/smart-education-china.org\/de\/wp-content\/uploads\/2015\/08\/Smart_Education_China.jpg\" \/>\n\t<meta property=\"og:image:width\" content=\"2106\" \/>\n\t<meta property=\"og:image:height\" content=\"2106\" \/>\n\t<meta property=\"og:image:type\" content=\"image\/jpeg\" \/>\n<meta name=\"twitter:card\" content=\"summary_large_image\" \/>\n<meta name=\"twitter:label1\" content=\"Est. reading time\" \/>\n\t<meta name=\"twitter:data1\" content=\"3 minutes\" \/>\n<script type=\"application\/ld+json\" class=\"yoast-schema-graph\">{\"@context\":\"https:\/\/schema.org\",\"@graph\":[{\"@type\":\"WebPage\",\"@id\":\"https:\/\/smart-education-china.org\/de\/initiative\/\",\"url\":\"https:\/\/smart-education-china.org\/de\/initiative\/\",\"name\":\"Bildungsinitiative \u201cSmart Education China\u201c - Smart Education China\",\"isPartOf\":{\"@id\":\"https:\/\/smart-education-china.org\/de\/#website\"},\"primaryImageOfPage\":{\"@id\":\"https:\/\/smart-education-china.org\/de\/initiative\/#primaryimage\"},\"image\":{\"@id\":\"https:\/\/smart-education-china.org\/de\/initiative\/#primaryimage\"},\"thumbnailUrl\":\"https:\/\/smart-education-china.org\/de\/wp-content\/uploads\/2015\/08\/Smart_Education_China.jpg\",\"datePublished\":\"2019-01-28T10:25:00+00:00\",\"dateModified\":\"2023-02-22T15:46:42+00:00\",\"breadcrumb\":{\"@id\":\"https:\/\/smart-education-china.org\/de\/initiative\/#breadcrumb\"},\"inLanguage\":\"en-US\",\"potentialAction\":[{\"@type\":\"ReadAction\",\"target\":[\"https:\/\/smart-education-china.org\/de\/initiative\/\"]}]},{\"@type\":\"ImageObject\",\"inLanguage\":\"en-US\",\"@id\":\"https:\/\/smart-education-china.org\/de\/initiative\/#primaryimage\",\"url\":\"https:\/\/smart-education-china.org\/de\/wp-content\/uploads\/2015\/08\/Smart_Education_China.jpg\",\"contentUrl\":\"https:\/\/smart-education-china.org\/de\/wp-content\/uploads\/2015\/08\/Smart_Education_China.jpg\",\"width\":2106,\"height\":2106},{\"@type\":\"BreadcrumbList\",\"@id\":\"https:\/\/smart-education-china.org\/de\/initiative\/#breadcrumb\",\"itemListElement\":[{\"@type\":\"ListItem\",\"position\":1,\"name\":\"Home\",\"item\":\"https:\/\/smart-education-china.org\/de\/\"},{\"@type\":\"ListItem\",\"position\":2,\"name\":\"Bildungsinitiative \u201cSmart Education China\u201c\"}]},{\"@type\":\"WebSite\",\"@id\":\"https:\/\/smart-education-china.org\/de\/#website\",\"url\":\"https:\/\/smart-education-china.org\/de\/\",\"name\":\"Smart Education China\",\"description\":\"Official website of Initiative Smart Education China\",\"potentialAction\":[{\"@type\":\"SearchAction\",\"target\":{\"@type\":\"EntryPoint\",\"urlTemplate\":\"https:\/\/smart-education-china.org\/de\/?s={search_term_string}\"},\"query-input\":{\"@type\":\"PropertyValueSpecification\",\"valueRequired\":true,\"valueName\":\"search_term_string\"}}],\"inLanguage\":\"en-US\"}]}<\/script>\n<!-- \/ Yoast SEO plugin. -->","yoast_head_json":{"title":"Bildungsinitiative \u201cSmart Education China\u201c - Smart Education China","robots":{"index":"index","follow":"follow","max-snippet":"max-snippet:-1","max-image-preview":"max-image-preview:large","max-video-preview":"max-video-preview:-1"},"canonical":"https:\/\/smart-education-china.org\/de\/initiative\/","og_locale":"en_US","og_type":"article","og_title":"Bildungsinitiative \u201cSmart Education China\u201c - Smart Education China","og_description":"Die Bildungsinitiative Smart Education China verfolgt das Ziel, Gleichheit, Qualit\u00e4t und Innovation als Grundpfeiler des zuk\u00fcnftigen chinesischen Bildungssystems zu etablieren: Gleichheit: Jeder Student und jede Studentin hat die gleichen M\u00f6glichkeiten zum Studieren Qualit\u00e4t: Von einem Notensystem zu einem umfassenden Bewertungssystem Innovation: Von reiner Wissensvermittlung zum Hands-on-Kompetenztraining Die heute sehr unflexiblen Lehrpl\u00e4ne und das eingefahrene Bildungssystem[...]","og_url":"https:\/\/smart-education-china.org\/de\/initiative\/","og_site_name":"Smart Education China","article_modified_time":"2023-02-22T15:46:42+00:00","og_image":[{"width":2106,"height":2106,"url":"https:\/\/smart-education-china.org\/de\/wp-content\/uploads\/2015\/08\/Smart_Education_China.jpg","type":"image\/jpeg"}],"twitter_card":"summary_large_image","twitter_misc":{"Est. reading time":"3 minutes"},"schema":{"@context":"https:\/\/schema.org","@graph":[{"@type":"WebPage","@id":"https:\/\/smart-education-china.org\/de\/initiative\/","url":"https:\/\/smart-education-china.org\/de\/initiative\/","name":"Bildungsinitiative \u201cSmart Education China\u201c - Smart Education China","isPartOf":{"@id":"https:\/\/smart-education-china.org\/de\/#website"},"primaryImageOfPage":{"@id":"https:\/\/smart-education-china.org\/de\/initiative\/#primaryimage"},"image":{"@id":"https:\/\/smart-education-china.org\/de\/initiative\/#primaryimage"},"thumbnailUrl":"https:\/\/smart-education-china.org\/de\/wp-content\/uploads\/2015\/08\/Smart_Education_China.jpg","datePublished":"2019-01-28T10:25:00+00:00","dateModified":"2023-02-22T15:46:42+00:00","breadcrumb":{"@id":"https:\/\/smart-education-china.org\/de\/initiative\/#breadcrumb"},"inLanguage":"en-US","potentialAction":[{"@type":"ReadAction","target":["https:\/\/smart-education-china.org\/de\/initiative\/"]}]},{"@type":"ImageObject","inLanguage":"en-US","@id":"https:\/\/smart-education-china.org\/de\/initiative\/#primaryimage","url":"https:\/\/smart-education-china.org\/de\/wp-content\/uploads\/2015\/08\/Smart_Education_China.jpg","contentUrl":"https:\/\/smart-education-china.org\/de\/wp-content\/uploads\/2015\/08\/Smart_Education_China.jpg","width":2106,"height":2106},{"@type":"BreadcrumbList","@id":"https:\/\/smart-education-china.org\/de\/initiative\/#breadcrumb","itemListElement":[{"@type":"ListItem","position":1,"name":"Home","item":"https:\/\/smart-education-china.org\/de\/"},{"@type":"ListItem","position":2,"name":"Bildungsinitiative \u201cSmart Education China\u201c"}]},{"@type":"WebSite","@id":"https:\/\/smart-education-china.org\/de\/#website","url":"https:\/\/smart-education-china.org\/de\/","name":"Smart Education China","description":"Official website of Initiative Smart Education China","potentialAction":[{"@type":"SearchAction","target":{"@type":"EntryPoint","urlTemplate":"https:\/\/smart-education-china.org\/de\/?s={search_term_string}"},"query-input":{"@type":"PropertyValueSpecification","valueRequired":true,"valueName":"search_term_string"}}],"inLanguage":"en-US"}]}},"_links":{"self":[{"href":"https:\/\/smart-education-china.org\/de\/wp-json\/wp\/v2\/pages\/544","targetHints":{"allow":["GET"]}}],"collection":[{"href":"https:\/\/smart-education-china.org\/de\/wp-json\/wp\/v2\/pages"}],"about":[{"href":"https:\/\/smart-education-china.org\/de\/wp-json\/wp\/v2\/types\/page"}],"author":[{"embeddable":true,"href":"https:\/\/smart-education-china.org\/de\/wp-json\/wp\/v2\/users\/6"}],"replies":[{"embeddable":true,"href":"https:\/\/smart-education-china.org\/de\/wp-json\/wp\/v2\/comments?post=544"}],"version-history":[{"count":15,"href":"https:\/\/smart-education-china.org\/de\/wp-json\/wp\/v2\/pages\/544\/revisions"}],"predecessor-version":[{"id":697,"href":"https:\/\/smart-education-china.org\/de\/wp-json\/wp\/v2\/pages\/544\/revisions\/697"}],"wp:featuredmedia":[{"embeddable":true,"href":"https:\/\/smart-education-china.org\/de\/wp-json\/wp\/v2\/media\/315"}],"wp:attachment":[{"href":"https:\/\/smart-education-china.org\/de\/wp-json\/wp\/v2\/media?parent=544"}],"curies":[{"name":"wp","href":"https:\/\/api.w.org\/{rel}","templated":true}]}}